{"id":1457,"date":"2025-04-21T10:54:24","date_gmt":"2025-04-21T10:54:24","guid":{"rendered":"https:\/\/markus-philippi.de\/?page_id=1457"},"modified":"2025-04-21T11:27:22","modified_gmt":"2025-04-21T11:27:22","slug":"datenschutz","status":"publish","type":"page","link":"https:\/\/markus-philippi.de\/index.php\/datenschutz\/","title":{"rendered":"Datenschutz"},"content":{"rendered":"\n<p class=\"has-black-color has-text-color has-link-color has-medium-font-size wp-elements-dd8aa7c64bd72bf2c46393a4360a6bd3\"><strong>Datenschutzhinweis<\/strong><\/p>\n\n\n\n<p class=\"has-black-color has-text-color has-link-color has-medium-font-size wp-elements-b2d8d4fc4054d5dd348caca0ace91b36\">Die Betreiber dieser Seiten nehmen den Schutz Ihrer pers\u00f6nlichen Daten sehr ernst.Wir behandeln Ihre personenbezogenen Daten vertraulich und entsprechend der gesetzlichen Datenschutzvorschriften sowie dieser Datenschutzerkl\u00e4rung.<\/p>\n\n\n\n<p class=\"has-black-color has-text-color has-link-color has-medium-font-size wp-elements-fbc694b625b7b49b794186cda0f946a0\">Die Nutzung unserer Webseite ist in der Regel ohne Angabe personenbezogener Daten m\u00f6glich. Soweit auf unseren Seiten personenbezogene Daten (beispielsweise Name, Anschrift oder E-Mail-Adressen) erhoben werden, erfolgt dies, soweit m\u00f6glich, stets auf freiwilliger Basis. Diese Daten werden ohne Ihre ausdr\u00fcckliche Zustimmung nicht an Dritte weitergegeben.<\/p>\n\n\n\n<p class=\"has-black-color has-text-color has-link-color has-medium-font-size wp-elements-2f86eea8ee26949924ef25041cff098f\">Wir weisen darauf hin, dass die Daten\u00fcbertragung im Internet (z.B. bei der Kommunikation per E-Mail) Sicherheitsl\u00fccken aufweisen kann. Ein l\u00fcckenloser Schutz der Daten vor dem Zugriff durch Dritte ist nicht m\u00f6glich.<\/p>\n\n\n\n<h4 class=\"wp-block-heading has-medium-font-size\">Auf Grundlage der Entscheidung des Europ\u00e4ischen Gerichtshofes vom 16. Juli 2020 setzen wir hiermit unsere Kunden, Gesch\u00e4ftspartner, Mitarbeiter, Webseitenbesucher und sonstige Kommunikationspartner davon in Kenntnis, dass m\u00f6glicherweise bei einer Nutzung US-amerikanischer Dienstleister wie Amazon, Asana, Facebook, Google, MailChimp, Twitter, TeamViewer, YouTube etc. und ihrer jeweiligen europ\u00e4ischen Tochterunternehmen im Rahmen der Kommunikation kein angemessenes und den EU-Regeln vergleichbares Datenschutzniveau eingehalten werden kann. Aufgrund nationaler Gesetze kann ein au\u00dfereurop\u00e4ischer Anbieter aufgrund des nationalen Rechts gezwungen sein, Kommunikationsdaten an nationale Sicherheitsbeh\u00f6rden herauszugeben, ohne dass diese Herausgabe in einem unabh\u00e4ngigen gerichtlichen Verfahren auf Antrag des Betroffenen auf seine Rechtm\u00e4\u00dfigkeit hin gepr\u00fcft werden kann. Da diese Feststellung des Gerichtes auch f\u00fcr Unternehmen mit Sitz und Datenverarbeitung in Europa sowohl unter dem sogenannten EU-US Privacy Shield als auch den Standardvertragsklauseln sowie den Verbindlichen Unternehmensregelungen zutrifft, m\u00fcssen wir nunmehr im Einzelfall alle Daten\u00fcbermittlungen an Drittanbieter &nbsp;pr\u00fcfen und gegebenenfalls einstellen oder durch EU-ans\u00e4ssige Anbieter ersetzen. Hierzu sind wir gegenw\u00e4rtig im Gespr\u00e4ch mit unseren Dienstleistern und den Aufsichtsbeh\u00f6rden.<\/h4>\n\n\n\n<p class=\"has-black-color has-text-color has-link-color has-medium-font-size wp-elements-f5e8d9f04bd1d1a10be4f51eb02b8e47\"><strong>Cookies<\/strong><\/p>\n\n\n\n<p class=\"has-black-color has-text-color has-link-color has-medium-font-size wp-elements-fe925e96c7c466b9998d6bdefb5239fd\">Die Internetseiten verwenden teilweise so genannte Cookies. Cookies richten auf Ihrem Rechner keinen Schaden an und enthalten keine Viren. Cookies dienen dazu, unser Angebot nutzerfreundlicher, effektiver und sicherer zu machen. Cookies sind kleine Textdateien, die auf Ihrem Rechner abgelegt werden und die Ihr Browser speichert.<\/p>\n\n\n\n<p class=\"has-black-color has-text-color has-link-color has-medium-font-size wp-elements-87e63112584e261f35556c2d8f930299\">Die meisten der von uns verwendeten Cookies sind so genannte \u201eSession-Cookies\u201c. Sie werden nach Ende Ihres Besuchs automatisch gel\u00f6scht. Andere Cookies bleiben auf Ihrem Endger\u00e4t gespeichert, bis Sie diese l\u00f6schen. Diese Cookies erm\u00f6glichen es uns, Ihren Browser beim n\u00e4chsten Besuch wiederzuerkennen.<\/p>\n\n\n\n<p class=\"has-black-color has-text-color has-link-color has-medium-font-size wp-elements-407729e251734b6ec7ddecc8d932c3c4\">Sie k\u00f6nnen Ihren Browser so einstellen, dass Sie \u00fcber das Setzen von Cookies informiert werden und Cookies nur im Einzelfall erlauben, die Annahme von Cookies f\u00fcr bestimmte F\u00e4lle oder generell ausschlie\u00dfen sowie das automatische L\u00f6schen der Cookies beim Schlie\u00dfen des Browser aktivieren. Bei der Deaktivierung von Cookies kann die Funktionalit\u00e4t dieser Website eingeschr\u00e4nkt sein.<\/p>\n\n\n\n<p class=\"has-black-color has-text-color has-link-color has-medium-font-size wp-elements-9dc8d680449ff3d361e355cb17a90a67\"><strong>Server-Log-Files<\/strong><\/p>\n\n\n\n<p class=\"has-black-color has-text-color has-link-color has-medium-font-size wp-elements-dc9a78008860950b4ac0bee74161e650\">Der Webserver erhebt und speichert automatisch Informationen in so genannten Server-Log Files, die Ihr Browser automatisch an uns \u00fcbermittelt. Dies sind:<\/p>\n\n\n\n<p class=\"has-black-color has-text-color has-link-color has-medium-font-size wp-elements-65f40ff4e0d2e19a50da42307451b171\">Browsertyp und Browserversion<br>verwendetes Betriebssystem<br>Referrer URL<br>Hostname des zugreifenden Rechners<br>Uhrzeit der Serveranfrage<\/p>\n\n\n\n<p class=\"has-black-color has-text-color has-link-color has-medium-font-size wp-elements-84ec97e7812eb34bda2b52ad7bb42308\">Diese Daten sind nicht bestimmten Personen zuordenbar. Eine Zusammenf\u00fchrung dieser Daten mit anderen Datenquellen wird nicht vorgenommen. Wir behalten uns vor, diese Daten nachtr\u00e4glich zu pr\u00fcfen, wenn uns konkrete Anhaltspunkte f\u00fcr eine rechtswidrige Nutzung bekannt werden.<\/p>\n\n\n\n<p class=\"has-black-color has-text-color has-link-color has-medium-font-size wp-elements-451b1277ca0841c70ebae5550b3f4be9\"><strong>Kontaktformular<\/strong><\/p>\n\n\n\n<p class=\"has-black-color has-text-color has-link-color has-medium-font-size wp-elements-0cb3cd868fd38281b81b825a58d3dbd3\">Wenn Sie uns per Kontaktformular Anfragen zukommen lassen, werden Ihre Angaben aus dem Anfrageformular inklusive der von Ihnen dort angegebenen Kontaktdaten zwecks Bearbeitung der Anfrage und f\u00fcr den Fall von Anschlussfragen bei uns gespeichert. Diese Daten geben wir nicht ohne Ihre Einwilligung weiter.<\/p>\n\n\n\n<p class=\"has-black-color has-text-color has-link-color has-medium-font-size wp-elements-707fbd19d417ef86f7e32d272e73212e\"><strong>Newsletterdaten<\/strong><\/p>\n\n\n\n<p class=\"has-black-color has-text-color has-link-color has-medium-font-size wp-elements-bde13c9b7a6fa4e3b1b768674db7e225\">Wenn Sie den auf der Webseite angebotenen Newsletter beziehen m\u00f6chten, ben\u00f6tigen wir von Ihnen eine E-Mail-Adresse und Ihren Namen oder ein Pseudonym sowie Informationen, welche uns die \u00dcberpr\u00fcfung gestatten, dass Sie der Inhaber der angegebenen E-Mail-Adresse sind und mit dem Empfang des Newsletters einverstanden sind. Weitere Daten werden nicht erhoben. Diese Daten verwenden wir ausschlie\u00dflich f\u00fcr den Versand der angeforderten Informationen und geben sie nicht an Dritte weiter.<\/p>\n\n\n\n<p class=\"has-black-color has-text-color has-link-color has-medium-font-size wp-elements-db5597ac924facd393fffc3d9b08bef7\">Die erteilte Einwilligung zur Speicherung der Daten, der E-Mail-Adresse sowie deren Nutzung zum Versand des Newsletters k\u00f6nnen Sie jederzeit widerrufen, etwa \u00fcber den \u201cAustragen\u201d-Link im Newsletter.<\/p>\n\n\n\n<p class=\"has-black-color has-text-color has-link-color has-medium-font-size wp-elements-2a440c5216befb8b460c0f0a84186b50\"><strong>Datenschutzerkl\u00e4rung f\u00fcr die Nutzung von Matomo<\/strong><\/p>\n\n\n\n<p class=\"has-black-color has-text-color has-link-color has-medium-font-size wp-elements-f8361ada6f73ef3757c1fe28caa7f267\">Diese Website benutzt den Open Source Webanalysedienst Matomo. Matomo verwendet so genannte \u201cCookies\u201d. Das sind Textdateien, die auf Ihrem Computer gespeichert werden und die eine Analyse der Benutzung der Website durch Sie erm\u00f6glichen. Dazu werden die durch den Cookie erzeugten Informationen \u00fcber die Benutzung dieser Website auf unserem Server gespeichert. Die IP-Adresse wird vor der Speicherung anonymisiert.<\/p>\n\n\n<p class=\"has-black-color has-text-color has-link-color has-medium-font-size wp-elements-2b9e2d7caa3a0a4abd7fbd54239f923b\">Die durch den Cookie erzeugten Informationen \u00fcber die Benutzung dieser Website werden nicht an Dritte weitergegeben. Sie k\u00f6nnen die Speicherung der Cookies durch eine entsprechende Einstellung Ihrer Browser-Software verhindern; wir weisen Sie jedoch darauf hin, dass Sie in diesem Fall gegebenenfalls nicht s\u00e4mtliche Funktionen dieser Website vollumf\u00e4nglich werden nutzen k\u00f6nnen.<\/p>\n\n\n\n<p class=\"has-black-color has-text-color has-link-color has-medium-font-size wp-elements-97ac9712b8f37dfee9434e5bf7e5d1b2\">Wenn Sie mit der Speicherung und Nutzung Ihrer Daten nicht einverstanden sind, k\u00f6nnen Sie die Speicherung und Nutzung <a href=\"https:\/\/piwik.solinetcafe.org\/piwik\/index.php?module=CoreAdminHome&amp;action=optOut&amp;language=de&amp;backgroundColor=d1ef27&amp;fontColor=&amp;fontSize=14px&amp;fontFamily=\">&lt;hier&gt;<\/a> deaktivieren. In diesem Fall wird in Ihrem Browser ein Opt-Out-Cookie hinterlegt der verhindert, dass Matomo Nutzungsdaten speichert. Wenn Sie Ihre Cookies l\u00f6schen hat dies zur Folge, dass auch das Matomo Opt-Out-Cookie gel\u00f6scht wird. Das Opt-Out muss bei einem erneuten Besuch unserer Seite wieder aktiviert werden.<\/p>\n\n\n\n<p>\/<\/p>\n\n\n\n<p class=\"has-black-color has-text-color has-link-color has-medium-font-size wp-elements-82d89d10f9dff527342b6e6a2aec0c5d\"><strong>Datenschutzerkl\u00e4rung f\u00fcr die Nutzung von YouTube<\/strong><\/p>\n\n\n\n<p class=\"has-black-color has-text-color has-link-color has-medium-font-size wp-elements-7af7b2093df08c45edb603ddc3fe5677\">Unsere Webseite nutzt Plugins der von Google betriebenen Seite YouTube. Betreiber der Seiten ist die YouTube, LLC, 901 Cherry Ave., San Bruno, CA 94066, USA. Wenn Sie eine unserer mit einem YouTube-Plugin ausgestatteten Seiten besuchen, wird eine Verbindung zu den Servern von YouTube hergestellt. Dabei wird dem Youtube-Server mitgeteilt, welche unserer Seiten Sie besucht haben.<\/p>\n\n\n\n<p class=\"has-black-color has-text-color has-link-color has-medium-font-size wp-elements-a09991fd4d5be4f19c8088c183007e93\">Wenn Sie in Ihrem YouTube-Account eingeloggt sind erm\u00f6glichen Sie YouTube, Ihr Surfverhalten direkt Ihrem pers\u00f6nlichen Profil zuzuordnen. Dies k\u00f6nnen Sie verhindern, indem Sie sich aus Ihrem YouTube-Account ausloggen.<\/p>\n\n\n\n<p class=\"has-black-color has-text-color has-link-color has-medium-font-size wp-elements-c6963175342c4a37e444ef15234bd4c9\">Weitere Informationen zum Umgang von Nutzerdaten finden Sie in der Datenschutzerkl\u00e4rung von YouTube unter: https:\/\/www.google.de\/intl\/de\/policies\/privacy<\/p>\n\n\n\n<p class=\"has-black-color has-text-color has-link-color has-medium-font-size wp-elements-ce282f6be518721286670507b361b667\">Auskunft, L\u00f6schung, Sperrung<\/p>\n\n\n\n<p class=\"has-black-color has-text-color has-link-color has-medium-font-size wp-elements-7b874a4af665dc4487b5d4aee3fd9107\">Sie haben jederzeit das Recht auf unentgeltliche Auskunft \u00fcber Ihre gespeicherten personenbezogenen Daten, deren Herkunft und Empf\u00e4nger und den Zweck der Datenverarbeitung sowie ein Recht auf Berichtigung, Sperrung oder L\u00f6schung dieser Daten. Hierzu sowie zu weiteren Fragen zum Thema personenbezogene Daten k\u00f6nnen Sie sich jederzeit unter der im Impressum angegebenen Adresse an uns wenden.<\/p>\n\n\n\n<p><\/p>\n\n\n\n<p class=\"has-black-color has-text-color has-link-color has-medium-font-size wp-elements-b6a05e6ba6eb285a3bb3b7663cae1568\">Fragen und Anregungen:<\/p>\n\n\n\n<p class=\"has-black-color has-text-color has-link-color has-medium-font-size wp-elements-2cde8db9ef285baf122901ef2f0e9e1b\">Haben Sie Fragen oder Anregungen zum Thema \u201cDatenschutz\u201d, wenden Sie sich bitte an die folgende Emailadresse: datenschutz@markus-philippi.de<\/p>\n\n\n\n<p><\/p>\n","protected":false},"excerpt":{"rendered":"<p>Datenschutzhinweis Die Betreiber dieser Seiten nehmen den Schutz Ihrer pers\u00f6nlichen Daten sehr ernst.Wir behandeln Ihre personenbezogenen Daten vertraulich und entsprechend der gesetzlichen Datenschutzvorschriften sowie dieser Datenschutzerkl\u00e4rung. Die Nutzung unserer Webseite &#8230;<\/p>\n","protected":false},"author":1,"featured_media":0,"parent":0,"menu_order":0,"comment_status":"closed","ping_status":"closed","template":"template-fullwidth.php","meta":{"footnotes":""},"class_list":["post-1457","page","type-page","status-publish","hentry"],"_links":{"self":[{"href":"https:\/\/markus-philippi.de\/index.php\/wp-json\/wp\/v2\/pages\/1457","targetHints":{"allow":["GET"]}}],"collection":[{"href":"https:\/\/markus-philippi.de\/index.php\/wp-json\/wp\/v2\/pages"}],"about":[{"href":"https:\/\/markus-philippi.de\/index.php\/wp-json\/wp\/v2\/types\/page"}],"author":[{"embeddable":true,"href":"https:\/\/markus-philippi.de\/index.php\/wp-json\/wp\/v2\/users\/1"}],"replies":[{"embeddable":true,"href":"https:\/\/markus-philippi.de\/index.php\/wp-json\/wp\/v2\/comments?post=1457"}],"version-history":[{"count":5,"href":"https:\/\/markus-philippi.de\/index.php\/wp-json\/wp\/v2\/pages\/1457\/revisions"}],"predecessor-version":[{"id":1469,"href":"https:\/\/markus-philippi.de\/index.php\/wp-json\/wp\/v2\/pages\/1457\/revisions\/1469"}],"wp:attachment":[{"href":"https:\/\/markus-philippi.de\/index.php\/wp-json\/wp\/v2\/media?parent=1457"}],"curies":[{"name":"wp","href":"https:\/\/api.w.org\/{rel}","templated":true}]}}